{"id":20,"date":"2025-09-28T04:46:41","date_gmt":"2025-09-28T04:46:41","guid":{"rendered":"http:\/\/www.datapro.eliteafrique.com\/index.php\/accueil-2\/"},"modified":"2025-09-28T18:05:26","modified_gmt":"2025-09-28T18:05:26","slug":"accueil-2","status":"publish","type":"page","link":"https:\/\/www.datapro.eliteafrique.com\/","title":{"rendered":"Accueil"},"content":{"rendered":"\t\t<div data-elementor-type=\"wp-page\" data-elementor-id=\"20\" class=\"elementor elementor-20\">\n\t\t\t\t<div class=\"elementor-element elementor-element-14850bd6 e-flex e-con-boxed e-con e-parent\" data-id=\"14850bd6\" data-element_type=\"container\">\n\t\t\t\t\t<div class=\"e-con-inner\">\n\t\t\t\t<div class=\"elementor-element elementor-element-47f07f8b elementor-widget elementor-widget-text-editor\" data-id=\"47f07f8b\" data-element_type=\"widget\" data-widget_type=\"text-editor.default\">\n\t\t\t\t\t\t\t\t\t<div class=\"wp-block-cover alignfull is-light hestia-clear-top-padding\">\n<p><span aria-hidden=\"true\" class=\"wp-block-cover__background has-white-background-color has-background-dim-100 has-background-dim\"><\/span><\/p>\n<div class=\"wp-block-cover__inner-container\">\n<p><\/p>\n<h2 class=\"wp-block-heading has-text-align-center has-text-color\" style=\"color: #3c4858;\">A propos de nous<\/h2>\n<p><\/p>\n<div style=\"height: 40px;\" aria-hidden=\"true\" class=\"wp-block-spacer\"><\/div>\n<p><\/p>\n<div class=\"wp-block-columns container\">\n<p><\/p>\n<div class=\"wp-block-column is-layout-flow wp-block-column-is-layout-flow\">\n<p><div class=\"wp-block-image\"><\/p>\n<figure class=\"aligncenter size-large is-resized\"><img decoding=\"async\" src=\"http:\/\/www.datapro.eliteafrique.com\/wp-content\/themes\/hestia\/assets\/img\/feat1.png\" alt=\"\" class=\"wp-image-70\" style=\"width: 72px; height: auto;\"><\/figure>\n<p><\/div><\/p>\n<h5 class=\"wp-block-heading has-text-align-center has-text-color\" style=\"color: #3c4858; font-size: 18px;\">Archivage Physique et Num\u00e9rique<\/h5>\n<p><\/p>\n<p data-start=\"452\" data-end=\"582\">Nous aidons les organisations \u00e0 mieux g\u00e9rer leurs documents, qu\u2019ils soient sur support papier ou \u00e9lectronique.<\/p>\n<ul data-start=\"583\" data-end=\"832\">\n<li data-start=\"583\" data-end=\"664\">\n<p data-start=\"585\" data-end=\"664\">Mise en place de syst\u00e8mes modernes d\u2019archivage physique et num\u00e9rique conformes aux normes.<\/p>\n<\/li>\n<li data-start=\"665\" data-end=\"746\">\n<p data-start=\"667\" data-end=\"746\">Num\u00e9risation.<\/p>\n<\/li>\n<li data-start=\"747\" data-end=\"832\">\n<p data-start=\"749\" data-end=\"832\">Solutions de <strong data-start=\"762\" data-end=\"806\">GED<\/strong><\/p>\n<\/li>\n<\/ul>\n<\/div>\n<div class=\"wp-block-column\">\n<p><div class=\"wp-block-image\"><\/p>\n<figure class=\"aligncenter size-large\"><img decoding=\"async\" src=\"http:\/\/www.datapro.eliteafrique.com\/wp-content\/themes\/hestia\/assets\/img\/feat2.png\" alt=\"\" class=\"wp-image-71\"><\/figure>\n<p><\/div><\/p>\n<h5 class=\"wp-block-heading has-text-align-center has-text-color\" style=\"color: #3c4858; font-size: 18px;\">Gestion des biblioth\u00e8ques<\/h5>\n<p><\/p>\n<p data-start=\"1019\" data-end=\"1130\">Nous accompagnons les institutions et centres de documentation dans la modernisation de leurs biblioth\u00e8ques :<\/p>\n<ul data-start=\"1131\" data-end=\"1350\">\n<li data-start=\"1131\" data-end=\"1206\">\n<p data-start=\"1133\" data-end=\"1206\">Organisation et classification selon les standards biblioth\u00e9conomiques.<\/p>\n<\/li>\n<li data-start=\"1207\" data-end=\"1271\">\n<p data-start=\"1209\" data-end=\"1271\">Mise en place de catalogues num\u00e9riques accessibles en ligne.<\/p><\/li>\n<\/ul>\n<p><\/p>\n<\/div>\n<p><\/p>\n<div class=\"wp-block-column is-layout-flow wp-block-column-is-layout-flow\">\n<p><div class=\"wp-block-image\"><\/p>\n<figure class=\"aligncenter size-large\"><img decoding=\"async\" src=\"http:\/\/www.datapro.eliteafrique.com\/wp-content\/themes\/hestia\/assets\/img\/feat3.png\" alt=\"\" class=\"wp-image-72\"><\/figure>\n<p><\/div><\/p>\n<h5 class=\"wp-block-heading has-text-align-center has-text-color\" style=\"color: #3c4858; font-size: 18px;\">Fourniture de mat\u00e9riels&nbsp;<\/h5>\n<p><\/p>\n<p data-start=\"1499\" data-end=\"1598\">DATAPRO fournit des \u00e9quipements professionnels adapt\u00e9s aux besoins de vos projets documentaires :<\/p>\n<ul data-start=\"1599\" data-end=\"1755\">\n<li data-start=\"1599\" data-end=\"1641\">\n<p data-start=\"1601\" data-end=\"1641\">Scanners sp\u00e9cialis\u00e9s pour l\u2019archivage.<\/p>\n<\/li>\n<li data-start=\"1642\" data-end=\"1690\">\n<p data-start=\"1644\" data-end=\"1690\">Solutions de stockage et serveurs s\u00e9curis\u00e9s.<\/p>\n<\/li>\n<li data-start=\"1691\" data-end=\"1755\">\n<p data-start=\"1693\" data-end=\"1755\">Accessoires et consommables pour vos syst\u00e8mes documentaires.<\/p>\n<\/li>\n<\/ul>\n<\/div>\n<\/div>\n<p><\/p>\n<div style=\"height: 40px;\" aria-hidden=\"true\" class=\"wp-block-spacer\"><\/div>\n<p><\/p>\n<\/div>\n<\/div>\n<p><\/p>\n<div class=\"wp-block-columns container is-layout-flex wp-container-core-columns-is-layout-28f84493 wp-block-columns-is-layout-flex\">\n<p><\/p>\n<div class=\"wp-block-column col-md-5 is-layout-flow wp-block-column-is-layout-flow\">\n<p><\/p>\n<div style=\"height: 55px;\" aria-hidden=\"true\" class=\"wp-block-spacer\"><\/div>\n<p><\/p>\n<h2 class=\"wp-block-heading\">About Hestia<\/h2>\n<p><\/p>\n<p>Need more details? Please check our full documentation for detailed information on how to use Hestia.<\/p>\n<p><\/p>\n<\/div>\n<p><\/p>\n<div class=\"wp-block-column col-md-6 col-md-offset1 is-layout-flow wp-block-column-is-layout-flow\">\n<p><\/p>\n<div style=\"height: 55px;\" aria-hidden=\"true\" class=\"wp-block-spacer\"><\/div>\n<p><\/p>\n<figure class=\"wp-block-image size-large\"><img decoding=\"async\" src=\"http:\/\/www.datapro.eliteafrique.com\/wp-content\/themes\/hestia\/assets\/img\/about-content.png\" alt=\"\" class=\"wp-image-81\"><\/figure>\n<p><\/p>\n<p><\/p>\n<\/div>\n<p><\/p>\n<\/div>\n<p><\/p>\t\t\t\t\t\t\t\t<\/div>\n\t\t\t\t\t<\/div>\n\t\t\t\t<\/div>\n\t\t<\/p>\n<div class=\"wp-block-columns container is-layout-flex wp-container-core-columns-is-layout-28f84493 wp-block-columns-is-layout-flex\">\n<p><!-- wp:column --><\/p>\n<div class=\"wp-block-column\">\n<p><!-- wp:image {\"id\":70,\"width\":\"72px\",\"height\":\"auto\",\"sizeSlug\":\"large\",\"linkDestination\":\"none\",\"align\":\"center\"} --><\/p>\n<figure class=\"wp-block-image aligncenter size-large is-resized\"><img decoding=\"async\" src=\"http:\/\/www.datapro.eliteafrique.com\/wp-content\/themes\/hestia\/assets\/img\/feat1.png\" alt=\"\" class=\"wp-image-70\" style=\"width: 72px; height: auto;\"><\/figure>\n<p><!-- \/wp:image --><!-- wp:heading {\"textAlign\":\"center\",\"level\":5,\"style\":{\"color\":{\"text\":\"#3c4858\"},\"typography\":{\"fontSize\":18}}} --><\/p>\n<h5 class=\"wp-block-heading has-text-align-center has-text-color\" style=\"color: #3c4858; font-size: 18px;\">Archivage Physique et Num\u00e9rique<\/h5>\n<p><!-- \/wp:heading --><!-- wp:paragraph {\"align\":\"center\",\"style\":{\"color\":{\"text\":\"#999999\"},\"typography\":{\"fontSize\":14}}} --><\/p>\n<p data-start=\"452\" data-end=\"582\">Nous aidons les organisations \u00e0 mieux g\u00e9rer leurs documents, qu\u2019ils soient sur support papier ou \u00e9lectronique.<\/p>\n<ul data-start=\"583\" data-end=\"832\">\n<li data-start=\"583\" data-end=\"664\">\n<p data-start=\"585\" data-end=\"664\">Mise en place de syst\u00e8mes modernes d\u2019archivage physique et num\u00e9rique conformes aux normes.<\/p>\n<\/li>\n<li data-start=\"665\" data-end=\"746\">\n<p data-start=\"667\" data-end=\"746\">Num\u00e9risation.<\/p>\n<\/li>\n<li data-start=\"747\" data-end=\"832\">\n<p data-start=\"749\" data-end=\"832\">Solutions de <strong data-start=\"762\" data-end=\"806\">GED<\/strong><\/p>\n<\/li>\n<\/ul>\n<\/div>\n<div class=\"wp-block-column\">\n<p><!-- wp:image {\"id\":71,\"sizeSlug\":\"large\",\"linkDestination\":\"none\",\"align\":\"center\"} --><\/p>\n<figure class=\"wp-block-image aligncenter size-large\"><img decoding=\"async\" src=\"http:\/\/www.datapro.eliteafrique.com\/wp-content\/themes\/hestia\/assets\/img\/feat2.png\" alt=\"\" class=\"wp-image-71\"><\/figure>\n<p><!-- \/wp:image --><!-- wp:heading {\"textAlign\":\"center\",\"level\":5,\"style\":{\"color\":{\"text\":\"#3c4858\"},\"typography\":{\"fontSize\":18}}} --><\/p>\n<h5 class=\"wp-block-heading has-text-align-center has-text-color\" style=\"color: #3c4858; font-size: 18px;\">Gestion des biblioth\u00e8ques<\/h5>\n<p><!-- \/wp:heading --><!-- wp:paragraph {\"align\":\"center\",\"style\":{\"color\":{\"text\":\"#999999\"},\"typography\":{\"fontSize\":14}}} --><\/p>\n<p data-start=\"1019\" data-end=\"1130\">Nous accompagnons les institutions et centres de documentation dans la modernisation de leurs biblioth\u00e8ques :<\/p>\n<ul data-start=\"1131\" data-end=\"1350\">\n<li data-start=\"1131\" data-end=\"1206\">\n<p data-start=\"1133\" data-end=\"1206\">Organisation et classification selon les standards biblioth\u00e9conomiques.<\/p>\n<\/li>\n<li data-start=\"1207\" data-end=\"1271\">\n<p data-start=\"1209\" data-end=\"1271\">Mise en place de catalogues num\u00e9riques accessibles en ligne.<\/p><\/li>\n<\/ul>\n<p><!-- \/wp:spacer --><\/p>\n<\/div>\n<p><!-- \/wp:column --><!-- wp:column --><\/p>\n<div class=\"wp-block-column\">\n<p><!-- wp:image {\"id\":72,\"sizeSlug\":\"large\",\"linkDestination\":\"none\",\"align\":\"center\"} --><\/p>\n<figure class=\"wp-block-image aligncenter size-large\"><img decoding=\"async\" src=\"http:\/\/www.datapro.eliteafrique.com\/wp-content\/themes\/hestia\/assets\/img\/feat3.png\" alt=\"\" class=\"wp-image-72\"><\/figure>\n<p><!-- \/wp:image --><!-- wp:heading {\"textAlign\":\"center\",\"level\":5,\"style\":{\"color\":{\"text\":\"#3c4858\"},\"typography\":{\"fontSize\":18}}} --><\/p>\n<h5 class=\"wp-block-heading has-text-align-center has-text-color\" style=\"color: #3c4858; font-size: 18px;\">Fourniture de mat\u00e9riels&nbsp;<\/h5>\n<p><!-- \/wp:heading --><!-- wp:paragraph {\"align\":\"center\",\"style\":{\"color\":{\"text\":\"#999999\"},\"typography\":{\"fontSize\":14}}} --><\/p>\n<p data-start=\"1499\" data-end=\"1598\">DATAPRO fournit des \u00e9quipements professionnels adapt\u00e9s aux besoins de vos projets documentaires :<\/p>\n<ul data-start=\"1599\" data-end=\"1755\">\n<li data-start=\"1599\" data-end=\"1641\">\n<p data-start=\"1601\" data-end=\"1641\">Scanners sp\u00e9cialis\u00e9s pour l\u2019archivage.<\/p>\n<\/li>\n<li data-start=\"1642\" data-end=\"1690\">\n<p data-start=\"1644\" data-end=\"1690\">Solutions de stockage et serveurs s\u00e9curis\u00e9s.<\/p>\n<\/li>\n<li data-start=\"1691\" data-end=\"1755\">\n<p data-start=\"1693\" data-end=\"1755\">Accessoires et consommables pour vos syst\u00e8mes documentaires.<\/p>\n<\/li>\n<\/ul>\n<\/div>\n<\/div>\n<p><!-- \/wp:columns --><!-- wp:spacer {\"height\":\"40px\"} --><\/p>\n<div style=\"height: 40px;\" aria-hidden=\"true\" class=\"wp-block-spacer\"><\/div>\n<p><!-- \/wp:spacer --><\/p>\n<\/div>\n<\/div>\n<p><!-- \/wp:cover --><!-- wp:columns {\"className\":\"container\"} --><\/p>\n<div class=\"wp-block-columns container\">\n<p><!-- wp:column {\"className\":\"col-md-5\"} --><\/p>\n<div class=\"wp-block-column col-md-5\">\n<p><!-- wp:spacer {\"height\":\"55px\"} --><\/p>\n<div style=\"height: 55px;\" aria-hidden=\"true\" class=\"wp-block-spacer\"><\/div>\n<p><!-- \/wp:spacer --><!-- wp:heading --><\/p>\n<h2 class=\"wp-block-heading\">About Hestia<\/h2>\n<p><!-- \/wp:heading --><!-- wp:paragraph --><\/p>\n<p>Need more details? Please check our full documentation for detailed information on how to use Hestia.<\/p>\n<p><!-- \/wp:paragraph --><\/p>\n<\/div>\n<p><!-- \/wp:column --><!-- wp:column {\"className\":\"col-md-6 col-md-offset1\"} --><\/p>\n<div class=\"wp-block-column col-md-6 col-md-offset1\">\n<p><!-- wp:spacer {\"height\":\"55px\"} --><\/p>\n<div style=\"height: 55px;\" aria-hidden=\"true\" class=\"wp-block-spacer\"><\/div>\n<p><!-- \/wp:spacer --><!-- wp:image {\"id\":81,\"sizeSlug\":\"large\",\"linkDestination\":\"none\"} --><\/p>\n<figure class=\"wp-block-image size-large\"><img decoding=\"async\" src=\"http:\/\/www.datapro.eliteafrique.com\/wp-content\/themes\/hestia\/assets\/img\/about-content.png\" alt=\"\" class=\"wp-image-81\"><\/figure>\n<p><!-- \/wp:image --><!-- wp:paragraph --><\/p>\n<p><!-- \/wp:paragraph --><\/p>\n<\/div>\n<p><!-- \/wp:column --><\/p>\n<\/div>\n<p><!-- \/wp:columns --><\/p>\t\t\t\t\t\t\t\t<\/div>\n\t\t\t\t\t<\/div>\n\t\t\t\t<\/div>\n\t\t\t\t<\/div>\n\t\t","protected":false},"excerpt":{"rendered":"<p>A propos de nous Archivage Physique et Num\u00e9rique Gestion des biblioth\u00e8ques Nous accompagnons les institutions et centres de documentation dans la modernisation de leurs biblioth\u00e8ques : Organisation et classification selon les standards biblioth\u00e9conomiques. Mise en place de catalogues num\u00e9riques accessibles en ligne. Fourniture de mat\u00e9riels&nbsp; DATAPRO fournit des \u00e9quipements professionnels [&hellip;]<\/p>\n","protected":false},"author":1,"featured_media":0,"parent":0,"menu_order":0,"comment_status":"closed","ping_status":"closed","template":"","meta":{"_themeisle_gutenberg_block_has_review":false,"footnotes":""},"class_list":["post-20","page","type-page","status-publish","hentry"],"yoast_head":"<!-- This site is optimized with the Yoast SEO plugin v26.0 - https:\/\/yoast.com\/wordpress\/plugins\/seo\/ -->\n<title>Accueil - WordPress<\/title>\n<meta name=\"description\" content=\"A propos de nous Archivage Physique et Num\u00e9rique Gestion des biblioth\u00e8ques Nous accompagnons les institutions et centres de documentation dans la modernisation de leurs biblioth\u00e8ques : Organisation et classification selon les standards biblioth\u00e9conomiques. Mise en place de catalogues num\u00e9riques accessibles en ligne. Fourniture de mat\u00e9riels&nbsp; DATAPRO fournit des \u00e9quipements professionnels [&hellip;]\" \/>\n<meta name=\"robots\" content=\"index, follow, max-snippet:-1, max-image-preview:large, max-video-preview:-1\" \/>\n<link rel=\"canonical\" href=\"https:\/\/www.datapro.eliteafrique.com\/\" \/>\n<meta property=\"og:locale\" content=\"fr_FR\" \/>\n<meta property=\"og:type\" content=\"article\" \/>\n<meta property=\"og:title\" content=\"Accueil - WordPress\" \/>\n<meta property=\"og:description\" content=\"A propos de nous Archivage Physique et Num\u00e9rique Gestion des biblioth\u00e8ques Nous accompagnons les institutions et centres de documentation dans la modernisation de leurs biblioth\u00e8ques : Organisation et classification selon les standards biblioth\u00e9conomiques. Mise en place de catalogues num\u00e9riques accessibles en ligne. Fourniture de mat\u00e9riels&nbsp; DATAPRO fournit des \u00e9quipements professionnels [&hellip;]\" \/>\n<meta property=\"og:url\" content=\"https:\/\/www.datapro.eliteafrique.com\/\" \/>\n<meta property=\"og:site_name\" content=\"WordPress\" \/>\n<meta property=\"article:modified_time\" content=\"2025-09-28T18:05:26+00:00\" \/>\n<meta property=\"og:image\" content=\"http:\/\/www.datapro.eliteafrique.com\/wp-content\/themes\/hestia\/assets\/img\/feat1.png\" \/>\n<meta name=\"twitter:card\" content=\"summary_large_image\" \/>\n<meta name=\"twitter:label1\" content=\"Dur\u00e9e de lecture estim\u00e9e\" \/>\n\t<meta name=\"twitter:data1\" content=\"1 minute\" \/>\n<script type=\"application\/ld+json\" class=\"yoast-schema-graph\">{\"@context\":\"https:\/\/schema.org\",\"@graph\":[{\"@type\":\"WebPage\",\"@id\":\"https:\/\/www.datapro.eliteafrique.com\/\",\"url\":\"https:\/\/www.datapro.eliteafrique.com\/\",\"name\":\"Accueil - WordPress\",\"isPartOf\":{\"@id\":\"https:\/\/www.datapro.eliteafrique.com\/#website\"},\"primaryImageOfPage\":{\"@id\":\"https:\/\/www.datapro.eliteafrique.com\/#primaryimage\"},\"image\":{\"@id\":\"https:\/\/www.datapro.eliteafrique.com\/#primaryimage\"},\"thumbnailUrl\":\"http:\/\/www.datapro.eliteafrique.com\/wp-content\/themes\/hestia\/assets\/img\/feat1.png\",\"datePublished\":\"2025-09-28T04:46:41+00:00\",\"dateModified\":\"2025-09-28T18:05:26+00:00\",\"breadcrumb\":{\"@id\":\"https:\/\/www.datapro.eliteafrique.com\/#breadcrumb\"},\"inLanguage\":\"fr-FR\",\"potentialAction\":[{\"@type\":\"ReadAction\",\"target\":[\"https:\/\/www.datapro.eliteafrique.com\/\"]}]},{\"@type\":\"ImageObject\",\"inLanguage\":\"fr-FR\",\"@id\":\"https:\/\/www.datapro.eliteafrique.com\/#primaryimage\",\"url\":\"http:\/\/www.datapro.eliteafrique.com\/wp-content\/themes\/hestia\/assets\/img\/feat1.png\",\"contentUrl\":\"http:\/\/www.datapro.eliteafrique.com\/wp-content\/themes\/hestia\/assets\/img\/feat1.png\"},{\"@type\":\"BreadcrumbList\",\"@id\":\"https:\/\/www.datapro.eliteafrique.com\/#breadcrumb\",\"itemListElement\":[{\"@type\":\"ListItem\",\"position\":1,\"name\":\"Accueil\",\"item\":\"https:\/\/www.datapro.eliteafrique.com\/\"},{\"@type\":\"ListItem\",\"position\":2,\"name\":\"Accueil\"}]},{\"@type\":\"WebSite\",\"@id\":\"https:\/\/www.datapro.eliteafrique.com\/#website\",\"url\":\"https:\/\/www.datapro.eliteafrique.com\/\",\"name\":\"WordPress\",\"description\":\"Optimiser, s\u00e9curiser, valoriser l\u2019information\",\"publisher\":{\"@id\":\"https:\/\/www.datapro.eliteafrique.com\/#organization\"},\"potentialAction\":[{\"@type\":\"SearchAction\",\"target\":{\"@type\":\"EntryPoint\",\"urlTemplate\":\"https:\/\/www.datapro.eliteafrique.com\/?s={search_term_string}\"},\"query-input\":{\"@type\":\"PropertyValueSpecification\",\"valueRequired\":true,\"valueName\":\"search_term_string\"}}],\"inLanguage\":\"fr-FR\"},{\"@type\":\"Organization\",\"@id\":\"https:\/\/www.datapro.eliteafrique.com\/#organization\",\"name\":\"WordPress\",\"url\":\"https:\/\/www.datapro.eliteafrique.com\/\",\"logo\":{\"@type\":\"ImageObject\",\"inLanguage\":\"fr-FR\",\"@id\":\"https:\/\/www.datapro.eliteafrique.com\/#\/schema\/logo\/image\/\",\"url\":\"https:\/\/www.datapro.eliteafrique.com\/wp-content\/uploads\/2025\/09\/LOGO-DATAPRO-BF.png\",\"contentUrl\":\"https:\/\/www.datapro.eliteafrique.com\/wp-content\/uploads\/2025\/09\/LOGO-DATAPRO-BF.png\",\"width\":900,\"height\":476,\"caption\":\"WordPress\"},\"image\":{\"@id\":\"https:\/\/www.datapro.eliteafrique.com\/#\/schema\/logo\/image\/\"}}]}<\/script>\n<!-- \/ Yoast SEO plugin. -->","yoast_head_json":{"title":"Accueil - WordPress","description":"A propos de nous Archivage Physique et Num\u00e9rique Gestion des biblioth\u00e8ques Nous accompagnons les institutions et centres de documentation dans la modernisation de leurs biblioth\u00e8ques : Organisation et classification selon les standards biblioth\u00e9conomiques. Mise en place de catalogues num\u00e9riques accessibles en ligne. Fourniture de mat\u00e9riels&nbsp; DATAPRO fournit des \u00e9quipements professionnels [&hellip;]","robots":{"index":"index","follow":"follow","max-snippet":"max-snippet:-1","max-image-preview":"max-image-preview:large","max-video-preview":"max-video-preview:-1"},"canonical":"https:\/\/www.datapro.eliteafrique.com\/","og_locale":"fr_FR","og_type":"article","og_title":"Accueil - WordPress","og_description":"A propos de nous Archivage Physique et Num\u00e9rique Gestion des biblioth\u00e8ques Nous accompagnons les institutions et centres de documentation dans la modernisation de leurs biblioth\u00e8ques : Organisation et classification selon les standards biblioth\u00e9conomiques. Mise en place de catalogues num\u00e9riques accessibles en ligne. Fourniture de mat\u00e9riels&nbsp; DATAPRO fournit des \u00e9quipements professionnels [&hellip;]","og_url":"https:\/\/www.datapro.eliteafrique.com\/","og_site_name":"WordPress","article_modified_time":"2025-09-28T18:05:26+00:00","og_image":[{"url":"http:\/\/www.datapro.eliteafrique.com\/wp-content\/themes\/hestia\/assets\/img\/feat1.png","type":"","width":"","height":""}],"twitter_card":"summary_large_image","twitter_misc":{"Dur\u00e9e de lecture estim\u00e9e":"1 minute"},"schema":{"@context":"https:\/\/schema.org","@graph":[{"@type":"WebPage","@id":"https:\/\/www.datapro.eliteafrique.com\/","url":"https:\/\/www.datapro.eliteafrique.com\/","name":"Accueil - WordPress","isPartOf":{"@id":"https:\/\/www.datapro.eliteafrique.com\/#website"},"primaryImageOfPage":{"@id":"https:\/\/www.datapro.eliteafrique.com\/#primaryimage"},"image":{"@id":"https:\/\/www.datapro.eliteafrique.com\/#primaryimage"},"thumbnailUrl":"http:\/\/www.datapro.eliteafrique.com\/wp-content\/themes\/hestia\/assets\/img\/feat1.png","datePublished":"2025-09-28T04:46:41+00:00","dateModified":"2025-09-28T18:05:26+00:00","breadcrumb":{"@id":"https:\/\/www.datapro.eliteafrique.com\/#breadcrumb"},"inLanguage":"fr-FR","potentialAction":[{"@type":"ReadAction","target":["https:\/\/www.datapro.eliteafrique.com\/"]}]},{"@type":"ImageObject","inLanguage":"fr-FR","@id":"https:\/\/www.datapro.eliteafrique.com\/#primaryimage","url":"http:\/\/www.datapro.eliteafrique.com\/wp-content\/themes\/hestia\/assets\/img\/feat1.png","contentUrl":"http:\/\/www.datapro.eliteafrique.com\/wp-content\/themes\/hestia\/assets\/img\/feat1.png"},{"@type":"BreadcrumbList","@id":"https:\/\/www.datapro.eliteafrique.com\/#breadcrumb","itemListElement":[{"@type":"ListItem","position":1,"name":"Accueil","item":"https:\/\/www.datapro.eliteafrique.com\/"},{"@type":"ListItem","position":2,"name":"Accueil"}]},{"@type":"WebSite","@id":"https:\/\/www.datapro.eliteafrique.com\/#website","url":"https:\/\/www.datapro.eliteafrique.com\/","name":"WordPress","description":"Optimiser, s\u00e9curiser, valoriser l\u2019information","publisher":{"@id":"https:\/\/www.datapro.eliteafrique.com\/#organization"},"potentialAction":[{"@type":"SearchAction","target":{"@type":"EntryPoint","urlTemplate":"https:\/\/www.datapro.eliteafrique.com\/?s={search_term_string}"},"query-input":{"@type":"PropertyValueSpecification","valueRequired":true,"valueName":"search_term_string"}}],"inLanguage":"fr-FR"},{"@type":"Organization","@id":"https:\/\/www.datapro.eliteafrique.com\/#organization","name":"WordPress","url":"https:\/\/www.datapro.eliteafrique.com\/","logo":{"@type":"ImageObject","inLanguage":"fr-FR","@id":"https:\/\/www.datapro.eliteafrique.com\/#\/schema\/logo\/image\/","url":"https:\/\/www.datapro.eliteafrique.com\/wp-content\/uploads\/2025\/09\/LOGO-DATAPRO-BF.png","contentUrl":"https:\/\/www.datapro.eliteafrique.com\/wp-content\/uploads\/2025\/09\/LOGO-DATAPRO-BF.png","width":900,"height":476,"caption":"WordPress"},"image":{"@id":"https:\/\/www.datapro.eliteafrique.com\/#\/schema\/logo\/image\/"}}]}},"_links":{"self":[{"href":"https:\/\/www.datapro.eliteafrique.com\/index.php\/wp-json\/wp\/v2\/pages\/20","targetHints":{"allow":["GET"]}}],"collection":[{"href":"https:\/\/www.datapro.eliteafrique.com\/index.php\/wp-json\/wp\/v2\/pages"}],"about":[{"href":"https:\/\/www.datapro.eliteafrique.com\/index.php\/wp-json\/wp\/v2\/types\/page"}],"author":[{"embeddable":true,"href":"https:\/\/www.datapro.eliteafrique.com\/index.php\/wp-json\/wp\/v2\/users\/1"}],"replies":[{"embeddable":true,"href":"https:\/\/www.datapro.eliteafrique.com\/index.php\/wp-json\/wp\/v2\/comments?post=20"}],"version-history":[{"count":31,"href":"https:\/\/www.datapro.eliteafrique.com\/index.php\/wp-json\/wp\/v2\/pages\/20\/revisions"}],"predecessor-version":[{"id":71,"href":"https:\/\/www.datapro.eliteafrique.com\/index.php\/wp-json\/wp\/v2\/pages\/20\/revisions\/71"}],"wp:attachment":[{"href":"https:\/\/www.datapro.eliteafrique.com\/index.php\/wp-json\/wp\/v2\/media?parent=20"}],"curies":[{"name":"wp","href":"https:\/\/api.w.org\/{rel}","templated":true}]}}